{"id":11,"date":"2023-09-07T22:47:52","date_gmt":"2023-09-07T22:47:52","guid":{"rendered":"https:\/\/diegoarima.com.ar\/?page_id=11"},"modified":"2023-09-07T23:07:26","modified_gmt":"2023-09-07T23:07:26","slug":"blog","status":"publish","type":"page","link":"https:\/\/diegoarima.com.ar\/index.php\/blog\/","title":{"rendered":"Asesoramientos"},"content":{"rendered":"\n<p>CONSULTOR\u00cdA MARKETING DIGITAL:<\/p>\n\n\n\n<p>Utilizamos METODOLOG\u00cdAS \u00c1GILES donde analizamos todos los factores clave que un negocio debe considerar para aumentar sus ventas en entornos digitales. Potenciamos su visibilidad y resultados, adapt\u00e1ndonos a los recursos y objetivos de cada negocio.<\/p>\n\n\n\n<p>CONSULTOR\u00cdA GASTRON\u00d3MICA Y\/O PYME O COMERCIO:<\/p>\n\n\n\n<p>Nos basamos en auditor\u00edas, colocamos al cliente en el centro de atenci\u00f3n, enfocando todos los aspectos de tu negocio para que puedas potenciar la experiencia del cliente. Desde mejoras en la cocina hasta el sal\u00f3n, implementamos procesos de mejora a corto plazo con un impacto significativo tanto en tu negocio como en tus empleados.<\/p>\n\n\n\n<p>CONSULTOR\u00cdA DE PROCESOS:<\/p>\n\n\n\n<p>En la consultor\u00eda de procesos, nos enfocamos en procesos \u00e1giles para optimizar todos los recursos de tu negocio. Esto nos permite agilizar las ventas y llevar la experiencia del cliente a otro nivel. Hacemos una escucha abierta de todos tus empleados donde luego se realiza un an\u00e1lisis exhaustivo de los procesos a mejorar utilizando herramientas acordes adaptadas a cada negocio.<\/p>\n","protected":false},"excerpt":{"rendered":"<p>CONSULTOR\u00cdA MARKETING DIGITAL: Utilizamos METODOLOG\u00cdAS \u00c1GILES donde analizamos todos los factores clave que un negocio debe considerar para aumentar sus ventas en entornos digitales. Potenciamos su visibilidad y resultados, adapt\u00e1ndonos a los recursos y objetivos de cada negocio. CONSULTOR\u00cdA GASTRON\u00d3MICA Y\/O PYME O COMERCIO: Nos basamos en auditor\u00edas, colocamos al cliente en el centro de &hellip; <\/p>\n<p class=\"link-more\"><a href=\"https:\/\/diegoarima.com.ar\/index.php\/blog\/\" class=\"more-link\">Segu\u00ed leyendo<span class=\"screen-reader-text\"> &#8220;Asesoramientos&#8221;<\/span><\/a><\/p>\n","protected":false},"author":1,"featured_media":7,"parent":0,"menu_order":0,"comment_status":"closed","ping_status":"closed","template":"","meta":{"footnotes":""},"class_list":["post-11","page","type-page","status-publish","has-post-thumbnail","hentry"],"_links":{"self":[{"href":"https:\/\/diegoarima.com.ar\/index.php\/wp-json\/wp\/v2\/pages\/11","targetHints":{"allow":["GET"]}}],"collection":[{"href":"https:\/\/diegoarima.com.ar\/index.php\/wp-json\/wp\/v2\/pages"}],"about":[{"href":"https:\/\/diegoarima.com.ar\/index.php\/wp-json\/wp\/v2\/types\/page"}],"author":[{"embeddable":true,"href":"https:\/\/diegoarima.com.ar\/index.php\/wp-json\/wp\/v2\/users\/1"}],"replies":[{"embeddable":true,"href":"https:\/\/diegoarima.com.ar\/index.php\/wp-json\/wp\/v2\/comments?post=11"}],"version-history":[{"count":2,"href":"https:\/\/diegoarima.com.ar\/index.php\/wp-json\/wp\/v2\/pages\/11\/revisions"}],"predecessor-version":[{"id":39,"href":"https:\/\/diegoarima.com.ar\/index.php\/wp-json\/wp\/v2\/pages\/11\/revisions\/39"}],"wp:featuredmedia":[{"embeddable":true,"href":"https:\/\/diegoarima.com.ar\/index.php\/wp-json\/wp\/v2\/media\/7"}],"wp:attachment":[{"href":"https:\/\/diegoarima.com.ar\/index.php\/wp-json\/wp\/v2\/media?parent=11"}],"curies":[{"name":"wp","href":"https:\/\/api.w.org\/{rel}","templated":true}]}}