{"id":8,"date":"2023-09-07T22:47:51","date_gmt":"2023-09-07T22:47:51","guid":{"rendered":"https:\/\/diegoarima.com.ar\/?page_id=8"},"modified":"2023-09-07T20:56:53","modified_gmt":"2023-09-07T23:56:53","slug":"home","status":"publish","type":"page","link":"https:\/\/diegoarima.com.ar\/","title":{"rendered":"Bienvenidos"},"content":{"rendered":"\n<p>Este es mi sitio oficial de presentaci\u00f3n. Pod\u00e9s conocer m\u00e1s de m\u00ed en LinkedIn y\/o mis redes sociales.\nEl marketing y la gastronom\u00eda se re\u00fanen para llevar a tu negocio o pyme a otro nivel. Cumpliendo las expectativas de tu cliente ideal.<\/p>\n\n\n\n<figure class=\"wp-block-image size-large\"><img loading=\"lazy\" decoding=\"async\" width=\"2000\" height=\"1251\" src=\"https:\/\/diegoarima.com.ar\/wp-content\/uploads\/2023\/09\/espresso-1-edited.jpg\" alt=\"\" class=\"wp-image-60\" srcset=\"https:\/\/diegoarima.com.ar\/wp-content\/uploads\/2023\/09\/espresso-1-edited.jpg 2000w, https:\/\/diegoarima.com.ar\/wp-content\/uploads\/2023\/09\/espresso-1-edited-300x188.jpg 300w, https:\/\/diegoarima.com.ar\/wp-content\/uploads\/2023\/09\/espresso-1-edited-1024x641.jpg 1024w, https:\/\/diegoarima.com.ar\/wp-content\/uploads\/2023\/09\/espresso-1-edited-768x480.jpg 768w, https:\/\/diegoarima.com.ar\/wp-content\/uploads\/2023\/09\/espresso-1-edited-1536x961.jpg 1536w\" sizes=\"auto, (max-width: 767px) 89vw, (max-width: 1000px) 54vw, (max-width: 1071px) 543px, 580px\" \/><\/figure>\n","protected":false},"excerpt":{"rendered":"<p>Este es mi sitio oficial de presentaci\u00f3n. Pod\u00e9s conocer m\u00e1s de m\u00ed en LinkedIn y\/o mis redes sociales. El marketing y la gastronom\u00eda se re\u00fanen para llevar a tu negocio o pyme a otro nivel. Cumpliendo las expectativas de tu cliente ideal.<\/p>\n","protected":false},"author":1,"featured_media":0,"parent":0,"menu_order":0,"comment_status":"closed","ping_status":"closed","template":"","meta":{"footnotes":""},"class_list":["post-8","page","type-page","status-publish","hentry"],"_links":{"self":[{"href":"https:\/\/diegoarima.com.ar\/index.php\/wp-json\/wp\/v2\/pages\/8","targetHints":{"allow":["GET"]}}],"collection":[{"href":"https:\/\/diegoarima.com.ar\/index.php\/wp-json\/wp\/v2\/pages"}],"about":[{"href":"https:\/\/diegoarima.com.ar\/index.php\/wp-json\/wp\/v2\/types\/page"}],"author":[{"embeddable":true,"href":"https:\/\/diegoarima.com.ar\/index.php\/wp-json\/wp\/v2\/users\/1"}],"replies":[{"embeddable":true,"href":"https:\/\/diegoarima.com.ar\/index.php\/wp-json\/wp\/v2\/comments?post=8"}],"version-history":[{"count":6,"href":"https:\/\/diegoarima.com.ar\/index.php\/wp-json\/wp\/v2\/pages\/8\/revisions"}],"predecessor-version":[{"id":58,"href":"https:\/\/diegoarima.com.ar\/index.php\/wp-json\/wp\/v2\/pages\/8\/revisions\/58"}],"wp:attachment":[{"href":"https:\/\/diegoarima.com.ar\/index.php\/wp-json\/wp\/v2\/media?parent=8"}],"curies":[{"name":"wp","href":"https:\/\/api.w.org\/{rel}","templated":true}]}}